{"id":53,"date":"2013-04-13T02:30:04","date_gmt":"2013-04-13T02:30:04","guid":{"rendered":"https:\/\/www.brodriguezattorneys.com\/?page_id=53"},"modified":"2013-04-25T18:34:50","modified_gmt":"2013-04-25T18:34:50","slug":"compensacion-trabajador","status":"publish","type":"page","link":"https:\/\/www.brodriguezattorneys.com\/es\/compensacion-trabajador\/","title":{"rendered":"Compensaci\u00f3n al Trabajador"},"content":{"rendered":"<h2>\u00bfSe ha lastimado en el trabajo? Si es as\u00ed, usted tiene derechos a:<\/h2>\n<h3>Abrir un Reclamo de\u00a0Labor e Industrias<\/h3>\n<p>Despu\u00e9s de su accidente, tendr\u00e1 que ver a un doctor. Su doctor le llenara la aplicaci\u00f3n para el reclamo a Labor e Industrias. Solo un doctor puede llenar esa hoja. Usted no puede pedirle a un abogado que la llene, porque un doctor la tiene que firmar. Sin la firma de un doctor, la aplicaci\u00f3n ser\u00e1 negada.<\/p>\n<p>Despu\u00e9s de que su doctor llene la aplicaci\u00f3n, la enviar\u00e1 al Departamento de Labor e Industrias. El Departamento procesar\u00e1 la forma y le responder\u00e1 a usted en una carta, que ser\u00e1 una Orden. Usted tiene que esperar esa respuesta del Departamento. La Orden aceptar\u00e1 o negar\u00e1 su reclamo. Si es que se acepta su reclamo, usted puede buscar tratamiento con un doctor que usted escoja, si es que ese doctor acepta la aseguranza de Labor e Industrias y si Labor e Industrias est\u00e1 de acuerdo y acepta pagar por los servicios de ese doctor.<\/p>\n<p>Si\u00a0le\u00a0niegan su reclamo, usted tendr\u00e1 que protestar la orden negando el reclamo antes de que pasen 60 d\u00edas a partir de la fecha en que usted recibi\u00f3 la Orden.\u00a0\u00a0 Si usted a recibido dicha orden, nosotros podriamos ayudarle.<\/p>\n<h3>Tratamiento con un Doctor que Usted Elije<\/h3>\n<p>Usted tiene el derecho de escoger su doctor. Desafortunadamente, el Departamento de Labor e Industrias ha reservado el derecho de decidir si paga por su doctor o no. Si el Departamento no acepta a su doctor, usted tendr\u00e1 que buscar otro que el Departamento si acepte. Esto es, porque si usted se queda con el doctor que el Departamento no acept\u00f3, el Departamento no pagara las cuentas m\u00e9dicas, y el doctor le pedir\u00e1 a usted que las pague.<\/p>\n<h3>Beneficios de Compensaci\u00f3n de Tiempo Perdido Durante el Tiempo que Usted no Puede Trabajar<\/h3>\n<p>Usted tiene el derecho de recibir beneficios de compensaci\u00f3n\u00a0 de \u201ctiempo perdido\u201d. El tiempo perdido no le paga a usted el 100% de lo que ganaba hasta el momento del\u00a0accident\u00f3. El tiempo perdido\u00a0paga el 60% de su salario, mas\u00a0 5% si est\u00e1 casado legalmente y lo puede comprobar, mas\u00a02% por cada ni\u00f1o por hasta cinco ni\u00f1os.\u00a0 Usted tendr\u00e1 que\u00a0 comprobar que tiene esposa y\u00a0dependientes. Usted es elegible para recibir estos beneficios durante el tiempo\u00a0que su doctor certifique\u00a0por escrito que usted no puede trabajar, o durante el tiempo en que su doctor diga que puede hacer\u00a0solo\u00a0trabajo ligero, y su patr\u00f3n no le est\u00e1 ofreciendo\u00a0trabajo ligero.<\/p>\n<h3>Una Indemnizaci\u00f3n de Incapacidad Permanente Parcial o Total si Usted Queda Permanentemente Afectado<\/h3>\n<p>Usted pudiera tener\u00a0derecho de recibir esta compensaci\u00f3n una vez que haya terminado su tratamiento y haya regresado\u00a0a trabajar. Por ejemplo, si usted perdi\u00f3 20% del uso de su brazo,\u00a0 Usted deber\u00eda ser compensado con el 20% del valor de su brazo. Si usted perdi\u00f3 100%\u00a0 de la habilidad para trabajar, entonces usted deber\u00eda recibir una pensi\u00f3n por el resto de su vida.\u00a0\u00a0 Por lo regular, el pago correcto\u00a0no es autom\u00e1tico y nosotros podemos ayudarle asegurandonos de que est\u00e1 recibiendo el m\u00e1ximo beneficio de acuerdo a la ley, y a su situaci\u00f3n en particular.\u00a0 \u00a0Tambien, algunos abogados le cobran \u00abhonorarios de abogados\u00bb en los beneficios de pensi\u00f3n por el resto de su vida.\u00a0\u00a0 Usted debiera pagar solamente el 15% del monto de la reserva de la pensi\u00f3n.\u00a0 Si el contrato del abogado no espeficia que usted\u00a0 deber\u00e1\u00a0pagar el 15% del monto de la reserva, usted estar\u00eda pagando hasta el 75% m\u00e1s de lo que debiera pagar en honorarios de pension. Nuestro contrato especifica que usted pagar\u00e1 solamente el 15% del monto total de la reserva.<\/p>\n<h3>Entrenamiento Vocacional si es Apropiado<\/h3>\n<p>Si usted no puede regresar\u00a0al\u00a0trabajo donde se accident\u00f3, y su doctor indica\u00a0que no puede regresar a ning\u00fan trabajo que haya hecho en los \u00faltimos 15 a\u00f1os, entonces usted pudiera calificar para\u00a0alg\u00fan tipo de re-entrenamiento.\u00a0 Si usted no\u00a0habla Ingl\u00e9s tambi\u00e9n califica para servicios vocacionales, pero\u00a0sus opciones son limitadas porque hay muchos trabajos que requieren hablar\u00a0ingl\u00e9s con fluidez. Si usted no tiene documentos legales para trabajar, Usted a\u00fan califica para los servicios vocacionales, pero sus opciones son limitadas a\u00a0escuelas de entrenamiento que no requieren\u00a0una tarjeta de\u00a0Seguro Social v\u00e1lida.<\/p>\n<p>Tenemos\u00a0consultas gratuitas\u00a0disponibles en Seattle o Tacoma. Si necesita una cita, h\u00e1ga click aqui para contactar a nuestra oficina<\/p>\n<p>&nbsp;<\/p>\n<p><b>CASOS DE ACCIDENTES LABORALES RELACIONADOS CON LA NEGLIGENCIA DE TERCERAS PERSONAS.<\/b><\/p>\n<h2><b>\u00bfFue causado su accidente por la negligencia de alguien aparte de su patr\u00f3n o un compa\u00f1ero de trabajo?<\/b><\/h2>\n<p>Si es as\u00ed, usted tiene el derecho de levantar una demanda en contra del negligente responsable. Si el negligente responsable era su patr\u00f3n o un compa\u00f1ero de trabajo supervisado por su patr\u00f3n, entonces probablemente no pudiera levantar una demanda. Si el negligente responsable fue otra persona, nosotros podemos asesorarle si es que usted puede levantar una demanda.\u00a0\u00a0Si no hab\u00eda negligencia por parte de la tercera persona, no puede levantar una demanda.<\/p>\n<h3><b>\u00bfEstaba trabajando en la construcci\u00f3n?<\/b><\/h3>\n<p>Si es as\u00ed, Usted pudiera\u00a0levantar una demanda en contra del Contratista General u otros contratistas cuya negligencia haya causado su accidente. Ciertas decisiones de la corte del estado de Washington indican\u00a0que el Contratista General es el responsable por toda la seguridad en el sitio de construcci\u00f3n.<\/p>\n<h3><b>\u00bfEstaba trabajando por una agencia personal temporal?<\/b><\/h3>\n<p>Si es as\u00ed, Usted pudiera\u00a0levantar una demanda en contra del sitio donde lo pusieron a trabajar, si su accidente fue causado\u00a0por\u00a0la negligencia de las personas que controlaban el sitio de trabajo. Siempre y cuando su patr\u00f3n, la agencia temporal, no controle el sitio de trabajo, Usted pudiera\u00a0tener un caso adicional, el cual nosotros podriamos ayudarle a investigar.<\/p>\n","protected":false},"excerpt":{"rendered":"<p>\u00bfSe ha lastimado en el trabajo? Si es as\u00ed, usted tiene derechos a: Abrir un Reclamo de\u00a0Labor e Industrias Despu\u00e9s de su accidente, tendr\u00e1 que ver a un doctor. Su doctor le llenara la aplicaci\u00f3n para el reclamo a Labor &hellip;<\/p>\n<p class=\"read-more\"> <a class=\"more-link\" href=\"https:\/\/www.brodriguezattorneys.com\/es\/compensacion-trabajador\/\"> <span class=\"screen-reader-text\">Compensaci\u00f3n al Trabajador<\/span> Leer m\u00e1s \u00bb<\/a><\/p>\n","protected":false},"author":1,"featured_media":0,"parent":0,"menu_order":2,"comment_status":"closed","ping_status":"closed","template":"","meta":{"footnotes":""},"class_list":["post-53","page","type-page","status-publish","hentry"],"_links":{"self":[{"href":"https:\/\/www.brodriguezattorneys.com\/es\/wp-json\/wp\/v2\/pages\/53","targetHints":{"allow":["GET"]}}],"collection":[{"href":"https:\/\/www.brodriguezattorneys.com\/es\/wp-json\/wp\/v2\/pages"}],"about":[{"href":"https:\/\/www.brodriguezattorneys.com\/es\/wp-json\/wp\/v2\/types\/page"}],"author":[{"embeddable":true,"href":"https:\/\/www.brodriguezattorneys.com\/es\/wp-json\/wp\/v2\/users\/1"}],"replies":[{"embeddable":true,"href":"https:\/\/www.brodriguezattorneys.com\/es\/wp-json\/wp\/v2\/comments?post=53"}],"version-history":[{"count":10,"href":"https:\/\/www.brodriguezattorneys.com\/es\/wp-json\/wp\/v2\/pages\/53\/revisions"}],"predecessor-version":[{"id":205,"href":"https:\/\/www.brodriguezattorneys.com\/es\/wp-json\/wp\/v2\/pages\/53\/revisions\/205"}],"wp:attachment":[{"href":"https:\/\/www.brodriguezattorneys.com\/es\/wp-json\/wp\/v2\/media?parent=53"}],"curies":[{"name":"wp","href":"https:\/\/api.w.org\/{rel}","templated":true}]}}