{"id":56,"date":"2013-04-13T02:37:51","date_gmt":"2013-04-13T02:37:51","guid":{"rendered":"https:\/\/www.brodriguezattorneys.com\/?page_id=56"},"modified":"2025-12-18T19:31:36","modified_gmt":"2025-12-18T19:31:36","slug":"abogada-betsy-rodriguez","status":"publish","type":"page","link":"https:\/\/www.brodriguezattorneys.com\/es\/abogada-betsy-rodriguez\/","title":{"rendered":"Abogada Betsy Rodriguez"},"content":{"rendered":"<h2>Betsy Rodriguez<\/h2>\n<p><img loading=\"lazy\" decoding=\"async\" class=\"alignleft size-medium wp-image-262\" src=\"https:\/\/www.brodriguezattorneys.com\/wp-content\/uploads\/2019\/02\/IMG_5371-1-225x300.jpg\" alt=\"\" width=\"225\" height=\"300\" srcset=\"https:\/\/www.brodriguezattorneys.com\/wp-content\/uploads\/2019\/02\/IMG_5371-1-225x300.jpg 225w, https:\/\/www.brodriguezattorneys.com\/wp-content\/uploads\/2019\/02\/IMG_5371-1-768x1024.jpg 768w, https:\/\/www.brodriguezattorneys.com\/wp-content\/uploads\/2019\/02\/IMG_5371-1-100x133.jpg 100w, https:\/\/www.brodriguezattorneys.com\/wp-content\/uploads\/2019\/02\/IMG_5371-1-150x200.jpg 150w, https:\/\/www.brodriguezattorneys.com\/wp-content\/uploads\/2019\/02\/IMG_5371-1-200x267.jpg 200w, https:\/\/www.brodriguezattorneys.com\/wp-content\/uploads\/2019\/02\/IMG_5371-1-300x400.jpg 300w, https:\/\/www.brodriguezattorneys.com\/wp-content\/uploads\/2019\/02\/IMG_5371-1-450x600.jpg 450w, https:\/\/www.brodriguezattorneys.com\/wp-content\/uploads\/2019\/02\/IMG_5371-1-600x800.jpg 600w, https:\/\/www.brodriguezattorneys.com\/wp-content\/uploads\/2019\/02\/IMG_5371-1-900x1200.jpg 900w\" sizes=\"auto, (max-width: 225px) 100vw, 225px\" \/>2000 &#8211; Presente: Due\u00f1a , BETSY RODRIGUEZ, PS, Abogados de Lesiones \u00a0Catastr\u00f3ficas<\/p>\n<p>Practica de Lesiones Personales y Compensaci\u00f3n al Trabajador con enfasis en asistir a nuestra clientele local e internacionalmente lesionadas en el Estado de Washington con litigious y testigos viviendo en Estados Unidos, Argentina, Mexico, Guatemala, El Salvador, y otros paises de Am\u00e9rica Latina.<\/p>\n<p style=\"font-weight: 400;\">2019 &#8211; Presente: Abogada Consultora para el Consulado de Mexico<\/p>\n<p>2011 &#8211; 2017:\u00a0 Abogada Privada para el Consulado de Mexico para todos los casos de lesiones en el Estado de Washington, elegida por el Gobierno de Mexico.<\/p>\n<p>2006 &#8211; Consejero Corporativo, Centro Latino<br \/>\n2001 &#8211; 2005: Miembro de la Junta, Centro Latino, Centro Comunitario<br \/>\n2004 &#8211; Premio al \u201cServicio Distinguido\u00bb por el trabajo voluntario para la comunidad hispana en el Condado de Pierce.<br \/>\n2003 &#8211; Premio de \u201cReconocimiento\u00bb por el trabajo voluntario para la comunidad hispana del Condado Pierce.<br \/>\n1999 &#8211; Presente: Miembro, Asociacion de Justicia del Estado de Washington<br \/>\n1999 &#8211; 2000: Abogada, Rumbaugh, Rideout &amp; Barnett<br \/>\n1998 &#8211; Abogada, Oficina Legal de H. Frank Stubbs<br \/>\n1995 &#8211; 1997: Pasante, Oficina Legal de H. Frank Stubbs<br \/>\n1997 &#8211; Doctorado en Derecho, Universidad de Seattle<br \/>\n1996 &#8211; Ganador \/ Editor en Jefe de la Competencia de Apelaci\u00f3n Townsend<br \/>\n1995 &#8211; Pasante, Garvey, Schubert and Barer<br \/>\n1995 &#8211; Co-fundadora, Cl\u00ednica Jur\u00eddica Gratuita de Pierce County en espa\u00f1ol<br \/>\n1991 &#8211; Licenciatura de la Universidad de California en Los Angeles<br \/>\n1991 &#8211; Honores en espa\u00f1ol, UCLA<br \/>\n1987 &#8211; Miembro activo, Federaci\u00f3n de Becas de California<\/p>\n<p><b>Art\u00edculos Publicados en: <\/b>\u00a0Tacoma News Tribune, Seattle Times, Seattle PI<\/p>\n<p><b>Apariciones en Televisi\u00f3n: <\/b>\u00a0Kiro 7 News, KOMO 4\/Univision News, \u00a0TVW State Hearings, Q13 Fox<\/p>\n","protected":false},"excerpt":{"rendered":"<p>Betsy Rodriguez 2000 &#8211; Presente: Due\u00f1a , BETSY RODRIGUEZ, PS, Abogados de Lesiones \u00a0Catastr\u00f3ficas Practica de Lesiones Personales y Compensaci\u00f3n al Trabajador con enfasis en asistir a nuestra clientele local e internacionalmente lesionadas en el Estado de Washington con litigious &hellip;<\/p>\n<p class=\"read-more\"> <a class=\"more-link\" href=\"https:\/\/www.brodriguezattorneys.com\/es\/abogada-betsy-rodriguez\/\"> <span class=\"screen-reader-text\">Abogada Betsy Rodriguez<\/span> Leer m\u00e1s \u00bb<\/a><\/p>\n","protected":false},"author":1,"featured_media":0,"parent":0,"menu_order":3,"comment_status":"closed","ping_status":"closed","template":"","meta":{"footnotes":""},"class_list":["post-56","page","type-page","status-publish","hentry"],"_links":{"self":[{"href":"https:\/\/www.brodriguezattorneys.com\/es\/wp-json\/wp\/v2\/pages\/56","targetHints":{"allow":["GET"]}}],"collection":[{"href":"https:\/\/www.brodriguezattorneys.com\/es\/wp-json\/wp\/v2\/pages"}],"about":[{"href":"https:\/\/www.brodriguezattorneys.com\/es\/wp-json\/wp\/v2\/types\/page"}],"author":[{"embeddable":true,"href":"https:\/\/www.brodriguezattorneys.com\/es\/wp-json\/wp\/v2\/users\/1"}],"replies":[{"embeddable":true,"href":"https:\/\/www.brodriguezattorneys.com\/es\/wp-json\/wp\/v2\/comments?post=56"}],"version-history":[{"count":10,"href":"https:\/\/www.brodriguezattorneys.com\/es\/wp-json\/wp\/v2\/pages\/56\/revisions"}],"predecessor-version":[{"id":336,"href":"https:\/\/www.brodriguezattorneys.com\/es\/wp-json\/wp\/v2\/pages\/56\/revisions\/336"}],"wp:attachment":[{"href":"https:\/\/www.brodriguezattorneys.com\/es\/wp-json\/wp\/v2\/media?parent=56"}],"curies":[{"name":"wp","href":"https:\/\/api.w.org\/{rel}","templated":true}]}}